{"id":20,"date":"2023-08-29T09:23:59","date_gmt":"2023-08-29T09:23:59","guid":{"rendered":"https:\/\/polegarmedios.com\/?page_id=20"},"modified":"2023-08-29T09:23:59","modified_gmt":"2023-08-29T09:23:59","slug":"webs","status":"publish","type":"page","link":"https:\/\/polegarmedios.com\/en\/webs\/","title":{"rendered":"Webs"},"content":{"rendered":"\n<h2 class=\"wp-block-heading\">Guiainfantil.com<\/h2>\n\n\n\n<p>Gu\u00eda Infantil es la web l\u00edder en audiencia en la categor\u00eda Familia y Estilo de Vida, en habla hispana.<\/p>\n\n\n\n<figure class=\"wp-block-image size-large\"><img loading=\"lazy\" decoding=\"async\" width=\"1024\" height=\"418\" src=\"https:\/\/polegarmedios.com\/wp-content\/uploads\/2023\/08\/bienvenido-guia-infantil-1024x418.jpeg\" alt=\"\" class=\"wp-image-22\" srcset=\"https:\/\/polegarmedios.com\/wp-content\/uploads\/2023\/08\/bienvenido-guia-infantil-1024x418.jpeg 1024w, https:\/\/polegarmedios.com\/wp-content\/uploads\/2023\/08\/bienvenido-guia-infantil-300x123.jpeg 300w, https:\/\/polegarmedios.com\/wp-content\/uploads\/2023\/08\/bienvenido-guia-infantil-768x314.jpeg 768w, https:\/\/polegarmedios.com\/wp-content\/uploads\/2023\/08\/bienvenido-guia-infantil.jpeg 1200w\" sizes=\"(max-width: 1024px) 100vw, 1024px\" \/><\/figure>\n\n\n\n<p>La misi\u00f3n de guiainfantil.com se centra en acompa\u00f1arte en el deseo de ser madre o padre y, a continuaci\u00f3n, en todo el proceso de desarrollo del embarazo y crecimiento de tus hijos. Somos la Gu\u00eda que no solo contesta a todas tus dudas sino que proporciona consejos a trav\u00e9s de una&nbsp;<strong>informaci\u00f3n clara y verificada<\/strong>&nbsp;sobre temas de inter\u00e9s de padres, madres y educadores.<\/p>\n\n\n\n<figure class=\"wp-block-image size-large\"><img loading=\"lazy\" decoding=\"async\" width=\"1024\" height=\"171\" src=\"https:\/\/polegarmedios.com\/wp-content\/uploads\/2023\/08\/logo_20aniversario-1-1024x171.png\" alt=\"\" class=\"wp-image-21\" srcset=\"https:\/\/polegarmedios.com\/wp-content\/uploads\/2023\/08\/logo_20aniversario-1-1024x171.png 1024w, https:\/\/polegarmedios.com\/wp-content\/uploads\/2023\/08\/logo_20aniversario-1-300x50.png 300w, https:\/\/polegarmedios.com\/wp-content\/uploads\/2023\/08\/logo_20aniversario-1-768x128.png 768w, https:\/\/polegarmedios.com\/wp-content\/uploads\/2023\/08\/logo_20aniversario-1-1536x256.png 1536w, https:\/\/polegarmedios.com\/wp-content\/uploads\/2023\/08\/logo_20aniversario-1-2048x341.png 2048w\" sizes=\"(max-width: 1024px) 100vw, 1024px\" \/><\/figure>\n\n\n\n<p>Comunidad que incluye casi 2 millones de suscriptores en nuestro&nbsp;<a rel=\"noreferrer noopener\" href=\"https:\/\/www.youtube.com\/user\/guiainfantil?sub_confirmation=1\" target=\"_blank\">canal de YouTube<\/a>, m\u00e1s de 1 mill\u00f3n de seguidores en&nbsp;<a rel=\"noreferrer noopener\" href=\"https:\/\/www.facebook.com\/guiainfantilcom\" target=\"_blank\">Facebook<\/a>, 300 mil seguidores en&nbsp;<a rel=\"noreferrer noopener\" href=\"https:\/\/www.instagram.com\/guiainfantilcom\/\" target=\"_blank\">Instagram<\/a>, 600 mil seguidores en&nbsp;<a rel=\"noreferrer noopener\" href=\"https:\/\/twitter.com\/guiainfantil\" target=\"_blank\">Twitter<\/a>, 460 mil seguidores en&nbsp;<a rel=\"noreferrer noopener\" href=\"https:\/\/www.pinterest.es\/guiainfantilcom\/\" target=\"_blank\">Pinterest<\/a>&#8230; No dudes en buscar nuestros perfiles y p\u00e1ginas en todas ellas.<\/p>\n\n\n\n<hr class=\"wp-block-separator has-alpha-channel-opacity\"\/>\n\n\n\n<h2 class=\"wp-block-heading\">familyes.tv<\/h2>\n\n\n\n<p>Tu contenido en todas partes. Publica, distribuye y monetiza el contenido de tu marca en Connected TV, aplicaciones web y m\u00f3viles.<\/p>\n\n\n\n<figure class=\"wp-block-image size-large is-resized\"><img loading=\"lazy\" decoding=\"async\" src=\"https:\/\/polegarmedios.com\/wp-content\/uploads\/2023\/08\/Logotipo_Familyes_V01_Color-938x1024.png\" alt=\"\" class=\"wp-image-28\" style=\"width:219px;height:239px\" width=\"219\" height=\"239\" srcset=\"https:\/\/polegarmedios.com\/wp-content\/uploads\/2023\/08\/Logotipo_Familyes_V01_Color-938x1024.png 938w, https:\/\/polegarmedios.com\/wp-content\/uploads\/2023\/08\/Logotipo_Familyes_V01_Color-275x300.png 275w, https:\/\/polegarmedios.com\/wp-content\/uploads\/2023\/08\/Logotipo_Familyes_V01_Color-768x839.png 768w, https:\/\/polegarmedios.com\/wp-content\/uploads\/2023\/08\/Logotipo_Familyes_V01_Color.png 1000w\" sizes=\"(max-width: 219px) 100vw, 219px\" \/><\/figure>\n\n\n\n<p>Plataformas: Amazon FIRE TV, Roku, Apple TV, Android TV, Youtube, Google AMP&#8230;<\/p>\n\n\n\n<figure class=\"wp-block-image size-full\"><img loading=\"lazy\" decoding=\"async\" width=\"813\" height=\"419\" src=\"https:\/\/polegarmedios.com\/wp-content\/uploads\/2023\/08\/Device_Portatil_Iphone.png\" alt=\"\" class=\"wp-image-24\" srcset=\"https:\/\/polegarmedios.com\/wp-content\/uploads\/2023\/08\/Device_Portatil_Iphone.png 813w, https:\/\/polegarmedios.com\/wp-content\/uploads\/2023\/08\/Device_Portatil_Iphone-300x155.png 300w, https:\/\/polegarmedios.com\/wp-content\/uploads\/2023\/08\/Device_Portatil_Iphone-768x396.png 768w\" sizes=\"(max-width: 813px) 100vw, 813px\" \/><\/figure>\n","protected":false},"excerpt":{"rendered":"<p>Guiainfantil.com Gu\u00eda Infantil es la web l\u00edder en audiencia en la categor\u00eda Familia y Estilo de Vida, en habla hispana. La misi\u00f3n de guiainfantil.com se centra en acompa\u00f1arte en el deseo de ser madre o padre y, a continuaci\u00f3n, en todo el proceso de desarrollo del embarazo y crecimiento de tus hijos. Somos la Gu\u00eda [&hellip;]<\/p>\n","protected":false},"author":1,"featured_media":0,"parent":0,"menu_order":0,"comment_status":"closed","ping_status":"closed","template":"","meta":{"footnotes":""},"class_list":["post-20","page","type-page","status-publish","hentry"],"_links":{"self":[{"href":"https:\/\/polegarmedios.com\/en\/wp-json\/wp\/v2\/pages\/20"}],"collection":[{"href":"https:\/\/polegarmedios.com\/en\/wp-json\/wp\/v2\/pages"}],"about":[{"href":"https:\/\/polegarmedios.com\/en\/wp-json\/wp\/v2\/types\/page"}],"author":[{"embeddable":true,"href":"https:\/\/polegarmedios.com\/en\/wp-json\/wp\/v2\/users\/1"}],"replies":[{"embeddable":true,"href":"https:\/\/polegarmedios.com\/en\/wp-json\/wp\/v2\/comments?post=20"}],"version-history":[{"count":5,"href":"https:\/\/polegarmedios.com\/en\/wp-json\/wp\/v2\/pages\/20\/revisions"}],"predecessor-version":[{"id":30,"href":"https:\/\/polegarmedios.com\/en\/wp-json\/wp\/v2\/pages\/20\/revisions\/30"}],"wp:attachment":[{"href":"https:\/\/polegarmedios.com\/en\/wp-json\/wp\/v2\/media?parent=20"}],"curies":[{"name":"wp","href":"https:\/\/api.w.org\/{rel}","templated":true}]}}